{"id":1819,"date":"2022-01-28T11:27:38","date_gmt":"2022-01-28T10:27:38","guid":{"rendered":"https:\/\/bm.preview.nulleins.de\/privacy-policy\/"},"modified":"2024-08-26T10:08:36","modified_gmt":"2024-08-26T08:08:36","slug":"privacy-policy","status":"publish","type":"page","link":"https:\/\/www.bmb-steuerberater.com\/en\/privacy-policy\/","title":{"rendered":"Privacy policy"},"content":{"rendered":"\r\n<p>Diese Datenschutzerkl\u00e4rung unterrichtet Sie \u00fcber die Art, den Umfang und den Zweck der Verarbeitung Ihrer personenbezogenen Daten bez\u00fcglich des Besuchs unserer Homepage.<\/p>\r\n<p>Ihr Vertrauen und der Schutz Ihrer personenbezogenen Daten ist uns sehr wichtig und erfolgt in unserer Kanzlei grunds\u00e4tzlich gem\u00e4\u00df den gesetzlichen Vorschriften. Wenn Sie Fragen haben, die Ihnen diese Datenschutz-Information nicht beantworten kann oder wenn Sie zu einem Punkt vertiefte Informationen w\u00fcnschen, wenden Sie sich bitte jederzeit an uns:\u00a0<a href=\"mailto:office@bmb-steuerberater.de\" target=\"_blank\" rel=\"noopener noreferrer\">office@bmb-steuerberater.de<\/a>.<\/p>\r\n<p>Bei der Nutzung unserer Homepage werden in der Regel von der Kanzlei Barner &amp; Mastella keine personenbezogenen Daten abgefragt oder protokolliert.<\/p>\r\n<h5 class=\"wp-block-heading\">Verantwortliche Stelle im Sinne der Datenschutzverordnung<\/h5>\r\n<p>F\u00fcr die Datenverarbeitung und den Schutz der personenbezogenen Daten verantwortlich ist die Kanzlei Barner Mastella Steuerberatungsgesellschaft mbH &amp; Co. KG, Fritschestr. 27\/28, 10585 Berlin.<br \/>Telefon 00 49 (0)30 88 77 67 \u2013 0<br \/>E-Mail:\u00a0<a href=\"mailto:office@bmb-steuerberater.de\" target=\"_blank\" rel=\"noopener noreferrer\">office@bmb-steuerberater.de<\/a><\/p>\r\n<h5>Datenschutzbeauftragter<\/h5>\r\n<p>Der betriebliche Datenschutzbeauftragte der Kanzlei Barner &amp; Mastella ist Herr Ralf Petersen, den Sie per E-Mail unter\u00a0<a class=\"ms-outlook-linkify\" href=\"mailto:ibu@bmb-steuerberater.de\">ibu@bmb-steuerberater.de<\/a>\u00a0erreichen.<\/p>\r\n<h5>Beim Besuch unserer Website<\/h5>\r\n<p>Beim Aufrufen unserer Webseite www.bmb-steuerberater.com werden durch den auf Ihrem Endger\u00e4t zum Einsatz kommenden Browser automatisch Informationen an den Server unserer Website gesendet. Diese Informationen werden tempor\u00e4r in einem sog. Logfile gespeichert. Folgende Informationen werden dabei ohne Ihr Zutun erfasst und bis zur automatisierten L\u00f6schung gespeichert:<\/p>\r\n<ul>\r\n<li>IP-Adresse des anfragenden Rechners,<\/li>\r\n<li>Datum und Uhrzeit des Zugriffs,<\/li>\r\n<li>Name und URL der abgerufenen Datei,<\/li>\r\n<li>Website, von der aus der Zugriff erfolgt (Referrer-URL),<\/li>\r\n<li>verwendeter Browser und ggf. das Betriebssystem Ihres Rechners.<\/li>\r\n<\/ul>\r\n<p>Die genannten Daten werden durch den Internet Provider zu folgenden Zwecken verarbeitet:<\/p>\r\n<ul>\r\n<li>Gew\u00e4hrleistung eines reibungslosen Verbindungsaufbaus der Website,<\/li>\r\n<li>Gew\u00e4hrleistung einer komfortablen Nutzung unserer Website,<\/li>\r\n<li>Auswertung der Systemsicherheit und -stabilit\u00e4t sowie zu weiteren administrativen Zwecken.<\/li>\r\n<\/ul>\r\n<p>Die Rechtsgrundlage f\u00fcr die Datenverarbeitung ist Art. 6 Abs. 1 S. 1 lit. f DSGVO. Das berechtigte Interesse des Internet-Providers folgt aus oben aufgelisteten Zwecken zur Datenerhebung. In keinem Fall verwenden wir die erhobenen Daten zu dem Zweck, R\u00fcckschl\u00fcsse auf Ihre Person zu ziehen.<\/p>\r\n<h5>Weitergabe von Daten<\/h5>\r\n<p>Eine \u00dcbermittlung Ihrer pers\u00f6nlichen Daten an Dritte zu anderen als den im Folgenden aufgef\u00fchrten Zwecken findet nicht statt.<\/p>\r\n<p>Wir geben Ihre pers\u00f6nlichen Daten nur an Dritte weiter, wenn:<\/p>\r\n<ul>\r\n<li>Sie Ihre nach Art. 6 Abs. 1 S. 1 lit. a DSGVO ausdr\u00fcckliche Einwilligung dazu erteilt haben,<\/li>\r\n<li>die Weitergabe nach Art. 6 Abs. 1 S. 1 lit. f DSGVO zur Geltendmachung, Aus\u00fcbung oder Verteidigung von Rechtsanspr\u00fcchen erforderlich ist und kein Grund zur Annahme besteht, dass Sie ein \u00fcberwiegendes schutzw\u00fcrdiges Interesse an der Nichtweitergabe Ihrer Daten haben,<\/li>\r\n<li>f\u00fcr den Fall, dass f\u00fcr die Weitergabe nach Art. 6 Abs. 1 S. 1 lit. c DSGVO eine gesetzliche Verpflichtung besteht, sowie<\/li>\r\n<li>dies gesetzlich zul\u00e4ssig und nach Art, 6 Abs. 1 S. 1 lit. b DSGVO f\u00fcr die Abwicklung von Vertragsverh\u00e4ltnissen mit Ihnen erforderlich ist.<\/li>\r\n<\/ul>\r\n<h5>Informationen zum Tracking (Cookies, Google Maps, Google Analytics usw.):<\/h5>\r\n<p>Diese Webseite verwendet das Produkt \u201eGoogle Maps\u201c von \u201eGoogle Inc.\u201c, 1600 Amphitheatre Parkway, Mountain View, CA 94043, USA mit dem Ziel, die Ortung und den Weg zu unserer Kanzlei durch Anwendung von \u201eGoogle-Maps\u201c zu vereinfachen. Wenn Sie diese M\u00f6glichkeit auf unserer Homepage nutzen, werden automatisch Daten wie z.B. Ihre IP-Adresse an \u201eGoogle\u201c weitergeleitet. Wir haben keine Kenntnis \u00fcber die genaue Art, die Verwendung und den Ort der auf diese Weise automatisch weitergeleiteten und gespeicherten Daten.<\/p>\r\n<p>Durch Nutzung unserer Webseite erkl\u00e4ren Sie sich mit der Erfassung, Bearbeitung sowie Nutzung der automatisiert erhobenen Daten durch \u201eGoogle Inc.\u201c, deren Vertreter sowie Dritter einverstanden.<\/p>\r\n<p>Die Nutzungsbedingungen von Google Maps finden sie unter \u201e<a href=\"https:\/\/www.google.com\/intl\/de_de\/help\/terms_maps.html\" target=\"_blank\" rel=\"noopener noreferrer\">Nutzungsbedingungen von Google Maps<\/a>\u201e, ihre Datenschutzerkl\u00e4rung unter:\u00a0<a href=\"https:\/\/www.google.com\/policies\/privacy\/\" target=\"_blank\" rel=\"noopener noreferrer\">https:\/\/www.google.com\/policies\/privacy\/<\/a>, Opt-Out:\u00a0<a href=\"https:\/\/adssettings.google.com\/authenticated\" target=\"_blank\" rel=\"noopener noreferrer\">https:\/\/adssettings.google.com\/authenticated<\/a>.<\/p>\r\n<p>Auf unseren Webseiten werden keine weiteren Tracking-Mechanismen eingesetzt.<\/p>\r\n<h5>Betroffenenrechte<\/h5>\r\n<p>Sie haben das Recht:<\/p>\r\n<ul>\r\n<li>gem\u00e4\u00df Art. 15 DSGVO Auskunft \u00fcber Ihre von uns verarbeiteten personenbezogenen Daten zu verlangen. Insbesondere k\u00f6nnen Sie Auskunft \u00fcber die Verarbeitungszwecke, die Kategorie der personenbezogenen Daten, die Kategorien von Empf\u00e4ngern, gegen\u00fcber denen Ihre Daten offengelegt wurden oder werden, die geplante Speicherdauer, das Bestehen eines Rechts auf Berichtigung, L\u00f6schung, Einschr\u00e4nkung der Verarbeitung oder Widerspruch, das Bestehen eines Beschwerderechts, die Herkunft ihrer Daten, sofern diese nicht bei uns erhoben wurden, sowie \u00fcber das Bestehen einer automatisierten Entscheidungsfindung einschlie\u00dflich Profiling und ggf. aussagekr\u00e4ftigen Informationen zu deren Einzelheiten verlangen;<\/li>\r\n<li>gem\u00e4\u00df Art, 16 DSGVO unverz\u00fcglich die Berichtigung unrichtiger oder Vervollst\u00e4ndigung Ihrer bei uns gespeicherten personenbezogenen Daten zu verlangen;<\/li>\r\n<li>gem\u00e4\u00df Art. 17 DSGVO die L\u00f6schung Ihrer bei uns gespeicherten personenbezogenen Daten zu verlangen, soweit nicht die Verarbeitung zur Aus\u00fcbung des Rechts auf freie Meinungs\u00e4u\u00dferung und Information, zur Erf\u00fcllung einer rechtlichen Verpflichtung, aus Gr\u00fcnden des \u00f6ffentlichen Interesses oder zur Geltendmachung, Aus\u00fcbung oder Verteidigung von Rechtsanspr\u00fcchen erforderlich ist;<\/li>\r\n<li>gem\u00e4\u00df Art. 18 DSGVO die Einschr\u00e4nkung der Verarbeitung Ihrer personenbezogenen Daten zu verlangen, soweit die Richtigkeit der Daten von Ihnen bestritten wird, die Verarbeitung unrechtm\u00e4\u00dfig ist, Sie aber deren L\u00f6schung ablehnen und wir die Daten nicht mehr ben\u00f6tigen, Sie jedoch diese zur Geltendmachung, Aus\u00fcbung oder Verteidigung von Rechtsanspr\u00fcchen ben\u00f6tigen oder Sie gem\u00e4\u00df Art. 21 DSGVO Widerspruch gegen die Verarbeitung eingelegt haben;<\/li>\r\n<li>gem\u00e4\u00df Art. 20 DSGVO Ihre personenbezogenen Daten, die Sie uns bereitgestellt haben, in einem strukturierten, g\u00e4ngigen und maschinenlesebaren Format zu erhalten oder die \u00dcbermittlung an einen anderen Verantwortlichen zu verlangen;<\/li>\r\n<li>gem\u00e4\u00df Art. 7 Abs. 3 DSGVO Ihre einmal erteilte Einwilligung jederzeit gegen\u00fcber uns zu widerrufen. Dies hat zur Folge, dass wir die Datenverarbeitung, die auf dieser Einwilligung beruhte, f\u00fcr die Zukunft nicht mehrfortf\u00fchren d\u00fcrfen und<\/li>\r\n<li>gem\u00e4\u00df Art. 77 DSGVO sich bei einer Aufsichtsbeh\u00f6rde zu beschweren.<\/li>\r\n<\/ul>\r\n<p>In der Regel k\u00f6nnen Sie sich hierf\u00fcr an die Aufsichtsbeh\u00f6rde Ihres \u00fcblichen Aufenthaltsortes oder Arbeitsplatzes oder unseres Kanzleisitzes wenden.<\/p>\r\n<h5>Widerspruchsrecht<\/h5>\r\n<p>Sofern Ihre personenbezogenen Daten auf Grundlage von berechtigten Interessen gem\u00e4\u00df Art. 6 Abs. 1 S. 1 lit. f DSGVO verarbeitet werden, haben Sie das Recht, gem\u00e4\u00df Art. 21 DSGVO Widerspruch gegen die Verarbeitung Ihrer personenbezogenen Daten einzulegen, soweit daf\u00fcr Gr\u00fcnde vorliegen, die sich aus Ihrer besonderen Situation ergeben oder sich der Widerspruch gegen Direktwerbung richtet. Im letzteren Fall haben Sie ein generelles Widerspruchsrecht, das ohne Angabe einer besonderen Situation von uns umgesetzt wird.<\/p>\r\n<p>M\u00f6chten Sie von Ihrem Widerrufs- oder Widerspruchsrecht Gebrauch machen, gen\u00fcgt eine E-Mail an\u00a0<a href=\"mailto:office@bmb-steuerberater.de\" target=\"_blank\" rel=\"noopener noreferrer\">office@bmb-steuerberater.de<\/a>.<\/p>\r\n<h5>Datensicherheit<\/h5>\r\n<p>Wir bedienen uns geeigneter technischer und organisatorischer Sicherheitsma\u00dfnahmen, um Ihre Daten gegen zuf\u00e4llige oder vors\u00e4tzliche Manipulationen, teilweisen oder vollst\u00e4ndigen Verlust, Zerst\u00f6rung oder gegen den unbefugten Zugriff Dritter zu sch\u00fctzen. Unsere Sicherheitsma\u00dfnahmen werden entsprechend der technologischen Entwicklung fortlaufend verbessert.<\/p>\r\n<h5>Widerspruch Werbe-Mails<\/h5>\r\n<p>Der Nutzung von im Rahmen der Impressumspflicht ver\u00f6ffentlichten Kontaktdaten zur \u00dcbersendung von nicht ausdr\u00fccklich angeforderter Werbung und Informationsmaterialien wird hiermit widersprochen. Die Kanzlei Barner &amp; Mastella als Betreiber der Seiten beh\u00e4lt sich ausdr\u00fccklich rechtliche Schritte im Falle der unverlangten Zusendung von Werbeinformationen, etwa durch Spam-E-Mails, vor.<\/p>\r\n<h5>Stand und Aktualisierung der Datenschutzerkl\u00e4rung<\/h5>\r\n<p>Diese Datenschutzerkl\u00e4rung ist aktuell g\u00fcltig und hat den Stand Mai 2018. Durch die Weiterentwicklung unserer Website und Angebote dar\u00fcber oder aufgrund ge\u00e4nderter gesetzlicher beziehungsweise beh\u00f6rdlicher Vorgaben kann es notwendig werden, diese Datenschutzerkl\u00e4rung zu \u00e4ndern. Die jeweils aktuelle Datenschutzerkl\u00e4rung kann jederzeit auf dieser Website von Ihnen abgerufen und ausgedruckt werden.<\/p>\r\n","protected":false},"excerpt":{"rendered":"<p>Diese Datenschutzerkl\u00e4rung unterrichtet Sie \u00fcber die Art, den Umfang und den Zweck der Verarbeitung Ihrer personenbezogenen Daten bez\u00fcglich des Besuchs unserer Homepage. Ihr Vertrauen und der Schutz Ihrer personenbezogenen Daten ist uns sehr wichtig und erfolgt in unserer Kanzlei grunds\u00e4tzlich gem\u00e4\u00df den gesetzlichen Vorschriften. Wenn Sie Fragen haben, die Ihnen diese Datenschutz-Information nicht beantworten kann [&hellip;]<\/p>\n","protected":false},"author":1,"featured_media":1689,"parent":0,"menu_order":0,"comment_status":"closed","ping_status":"open","template":"","meta":{"footnotes":""},"class_list":["post-1819","page","type-page","status-publish","has-post-thumbnail","hentry"],"_links":{"self":[{"href":"https:\/\/www.bmb-steuerberater.com\/en\/wp-json\/wp\/v2\/pages\/1819","targetHints":{"allow":["GET"]}}],"collection":[{"href":"https:\/\/www.bmb-steuerberater.com\/en\/wp-json\/wp\/v2\/pages"}],"about":[{"href":"https:\/\/www.bmb-steuerberater.com\/en\/wp-json\/wp\/v2\/types\/page"}],"author":[{"embeddable":true,"href":"https:\/\/www.bmb-steuerberater.com\/en\/wp-json\/wp\/v2\/users\/1"}],"replies":[{"embeddable":true,"href":"https:\/\/www.bmb-steuerberater.com\/en\/wp-json\/wp\/v2\/comments?post=1819"}],"version-history":[{"count":0,"href":"https:\/\/www.bmb-steuerberater.com\/en\/wp-json\/wp\/v2\/pages\/1819\/revisions"}],"wp:featuredmedia":[{"embeddable":true,"href":"https:\/\/www.bmb-steuerberater.com\/en\/wp-json\/wp\/v2\/media\/1689"}],"wp:attachment":[{"href":"https:\/\/www.bmb-steuerberater.com\/en\/wp-json\/wp\/v2\/media?parent=1819"}],"curies":[{"name":"wp","href":"https:\/\/api.w.org\/{rel}","templated":true}]}}